{"id":310,"date":"2018-03-21T20:19:00","date_gmt":"2018-03-21T20:19:00","guid":{"rendered":"https:\/\/klodangolfcarts.com\/sales\/"},"modified":"2023-05-11T19:15:14","modified_gmt":"2023-05-11T19:15:14","slug":"vente","status":"publish","type":"page","link":"https:\/\/klodangolfcarts.com\/fr\/vente\/","title":{"rendered":"Vente"},"content":{"rendered":"<div class=\"fusion-fullwidth fullwidth-box nonhundred-percent-fullwidth non-hundred-percent-height-scrolling\"  style='background-color: rgba(255,255,255,0);background-position: center center;background-repeat: no-repeat;padding-top:0px;padding-right:0px;padding-bottom:0px;padding-left:0px;'><div class=\"fusion-builder-row fusion-row \"><div  class=\"fusion-layout-column fusion_builder_column fusion_builder_column_1_1  fusion-one-full fusion-column-first fusion-column-last 1_1\"  style='margin-top:0px;margin-bottom:0px;'>\n\t\t\t\t\t<div class=\"fusion-column-wrapper\" style=\"padding: 0px 0px 0px 0px;background-position:left top;background-repeat:no-repeat;-webkit-background-size:cover;-moz-background-size:cover;-o-background-size:cover;background-size:cover;\"  data-bg-url=\"\">\n\t\t\t\t\t\t<div class=\"fusion-text\"><h2 style=\"text-align: center;\"><b>Klodan a des voiturettes de\u00a0golf neuves\u00a0et d\u2019occasion \u00e0 vendre.<\/b><\/h2>\n<p style=\"text-align: center;\"><span style=\"font-weight: 400;\">Que vous soyez \u00e0 la recherche d\u2019une voiturette \u00e0 2 ou \u00e0 4 passagers, \u00e9lectrique ou \u00e0 gaz, Klodan a ce qu\u2019il vous faut!<\/span><\/p>\n<p style=\"text-align: center;\"><span style=\"font-weight: 400;\">Les voiturettes standard incluent un pare-brise et un chargeur (mod\u00e8les \u00e9lectriques). La voiturette \u00e0 4 passagers inclut un si\u00e8ge arri\u00e8re rabattable.<\/span><\/p>\n<\/div><div class=\"fusion-clearfix\"><\/div>\n\n\t\t\t\t\t<\/div>\n\t\t\t\t<\/div><div  class=\"fusion-layout-column fusion_builder_column fusion_builder_column_1_2  fusion-one-half fusion-column-first 1_2\"  style='margin-top:0px;margin-bottom:0px;width:48%; margin-right: 4%;'>\n\t\t\t\t\t<div class=\"fusion-column-wrapper\" style=\"padding: 0px 0px 0px 0px;background-position:left top;background-repeat:no-repeat;-webkit-background-size:cover;-moz-background-size:cover;-o-background-size:cover;background-size:cover;\"  data-bg-url=\"\">\n\t\t\t\t\t\t<div class=\"fusion-title title fusion-title-center fusion-title-size-three\" style=\"margin-top:0px;margin-bottom:31px;\"><div class=\"title-sep-container title-sep-container-left\"><div class=\"title-sep sep-double sep-solid\" style=\"border-color:#e0dede;\"><\/div><\/div><h3 class=\"title-heading-center\">Voiturettes \u00e0 2 passagers en<br \/>\nvente d\u00e8s maintenant :<\/h3><div class=\"title-sep-container title-sep-container-right\"><div class=\"title-sep sep-double sep-solid\" style=\"border-color:#e0dede;\"><\/div><\/div><\/div><div class=\"fusion-image-carousel fusion-image-carousel-auto lightbox-enabled\"><div class=\"fusion-carousel\" data-autoplay=\"no\" data-columns=\"1\" data-itemmargin=\"13\" data-itemwidth=\"180\" data-touchscroll=\"no\" data-imagesize=\"auto\"><div class=\"fusion-carousel-positioner\"><ul class=\"fusion-carousel-holder\"><li class=\"fusion-carousel-item\"><div class=\"fusion-carousel-item-wrapper\"><div class=\"fusion-image-wrapper hover-type-none\"><a data-rel=\"iLightbox[gallery_image_1]\" data-title=\"IMG_4842\" aria-label=\"IMG_4842\" href=\"https:\/\/klodangolfcarts.com\/wp-content\/uploads\/2018\/05\/IMG_4842.jpg\" target=\"_self\"><img width=\"640\" height=\"480\" src=\"https:\/\/klodangolfcarts.com\/wp-content\/uploads\/2018\/05\/IMG_4842.jpg\" class=\"attachment-full size-full\" alt=\"\" decoding=\"async\" loading=\"lazy\" srcset=\"https:\/\/klodangolfcarts.com\/wp-content\/uploads\/2018\/05\/IMG_4842-200x150.jpg 200w, https:\/\/klodangolfcarts.com\/wp-content\/uploads\/2018\/05\/IMG_4842-300x225.jpg 300w, https:\/\/klodangolfcarts.com\/wp-content\/uploads\/2018\/05\/IMG_4842-400x300.jpg 400w, https:\/\/klodangolfcarts.com\/wp-content\/uploads\/2018\/05\/IMG_4842-600x450.jpg 600w, https:\/\/klodangolfcarts.com\/wp-content\/uploads\/2018\/05\/IMG_4842.jpg 640w\" sizes=\"(max-width: 640px) 100vw, 640px\" \/><\/a><\/div><\/div><\/li><li class=\"fusion-carousel-item\"><div class=\"fusion-carousel-item-wrapper\"><div class=\"fusion-image-wrapper hover-type-none\"><a data-rel=\"iLightbox[gallery_image_1]\" data-title=\"IMG_4839\" aria-label=\"IMG_4839\" href=\"https:\/\/klodangolfcarts.com\/wp-content\/uploads\/2018\/05\/IMG_4839.jpg\" target=\"_self\"><img width=\"640\" height=\"480\" src=\"https:\/\/klodangolfcarts.com\/wp-content\/uploads\/2018\/05\/IMG_4839.jpg\" class=\"attachment-full size-full\" alt=\"\" decoding=\"async\" loading=\"lazy\" srcset=\"https:\/\/klodangolfcarts.com\/wp-content\/uploads\/2018\/05\/IMG_4839-200x150.jpg 200w, https:\/\/klodangolfcarts.com\/wp-content\/uploads\/2018\/05\/IMG_4839-300x225.jpg 300w, https:\/\/klodangolfcarts.com\/wp-content\/uploads\/2018\/05\/IMG_4839-400x300.jpg 400w, https:\/\/klodangolfcarts.com\/wp-content\/uploads\/2018\/05\/IMG_4839-600x450.jpg 600w, https:\/\/klodangolfcarts.com\/wp-content\/uploads\/2018\/05\/IMG_4839.jpg 640w\" sizes=\"(max-width: 640px) 100vw, 640px\" \/><\/a><\/div><\/div><\/li><li class=\"fusion-carousel-item\"><div class=\"fusion-carousel-item-wrapper\"><div class=\"fusion-image-wrapper hover-type-none\"><a data-rel=\"iLightbox[gallery_image_1]\" data-title=\"IMG_4838\" aria-label=\"IMG_4838\" href=\"https:\/\/klodangolfcarts.com\/wp-content\/uploads\/2018\/05\/IMG_4838.jpg\" target=\"_self\"><img width=\"640\" height=\"480\" src=\"https:\/\/klodangolfcarts.com\/wp-content\/uploads\/2018\/05\/IMG_4838.jpg\" class=\"attachment-full size-full\" alt=\"\" decoding=\"async\" loading=\"lazy\" srcset=\"https:\/\/klodangolfcarts.com\/wp-content\/uploads\/2018\/05\/IMG_4838-200x150.jpg 200w, https:\/\/klodangolfcarts.com\/wp-content\/uploads\/2018\/05\/IMG_4838-300x225.jpg 300w, https:\/\/klodangolfcarts.com\/wp-content\/uploads\/2018\/05\/IMG_4838-400x300.jpg 400w, https:\/\/klodangolfcarts.com\/wp-content\/uploads\/2018\/05\/IMG_4838-600x450.jpg 600w, https:\/\/klodangolfcarts.com\/wp-content\/uploads\/2018\/05\/IMG_4838.jpg 640w\" sizes=\"(max-width: 640px) 100vw, 640px\" \/><\/a><\/div><\/div><\/li><li class=\"fusion-carousel-item\"><div class=\"fusion-carousel-item-wrapper\"><div class=\"fusion-image-wrapper hover-type-none\"><a data-rel=\"iLightbox[gallery_image_1]\" data-title=\"IMG_4837\" aria-label=\"IMG_4837\" href=\"https:\/\/klodangolfcarts.com\/wp-content\/uploads\/2018\/05\/IMG_4837.jpg\" target=\"_self\"><img width=\"640\" height=\"480\" src=\"https:\/\/klodangolfcarts.com\/wp-content\/uploads\/2018\/05\/IMG_4837.jpg\" class=\"attachment-full size-full\" alt=\"\" decoding=\"async\" loading=\"lazy\" srcset=\"https:\/\/klodangolfcarts.com\/wp-content\/uploads\/2018\/05\/IMG_4837-200x150.jpg 200w, https:\/\/klodangolfcarts.com\/wp-content\/uploads\/2018\/05\/IMG_4837-300x225.jpg 300w, https:\/\/klodangolfcarts.com\/wp-content\/uploads\/2018\/05\/IMG_4837-400x300.jpg 400w, https:\/\/klodangolfcarts.com\/wp-content\/uploads\/2018\/05\/IMG_4837-600x450.jpg 600w, https:\/\/klodangolfcarts.com\/wp-content\/uploads\/2018\/05\/IMG_4837.jpg 640w\" sizes=\"(max-width: 640px) 100vw, 640px\" \/><\/a><\/div><\/div><\/li><li class=\"fusion-carousel-item\"><div class=\"fusion-carousel-item-wrapper\"><div class=\"fusion-image-wrapper hover-type-none\"><a data-rel=\"iLightbox[gallery_image_1]\" data-title=\"IMG_4835\" aria-label=\"IMG_4835\" href=\"https:\/\/klodangolfcarts.com\/wp-content\/uploads\/2018\/05\/IMG_4835.jpg\" target=\"_self\"><img width=\"640\" height=\"480\" src=\"https:\/\/klodangolfcarts.com\/wp-content\/uploads\/2018\/05\/IMG_4835.jpg\" class=\"attachment-full size-full\" alt=\"\" decoding=\"async\" loading=\"lazy\" srcset=\"https:\/\/klodangolfcarts.com\/wp-content\/uploads\/2018\/05\/IMG_4835-200x150.jpg 200w, https:\/\/klodangolfcarts.com\/wp-content\/uploads\/2018\/05\/IMG_4835-300x225.jpg 300w, https:\/\/klodangolfcarts.com\/wp-content\/uploads\/2018\/05\/IMG_4835-400x300.jpg 400w, https:\/\/klodangolfcarts.com\/wp-content\/uploads\/2018\/05\/IMG_4835-600x450.jpg 600w, https:\/\/klodangolfcarts.com\/wp-content\/uploads\/2018\/05\/IMG_4835.jpg 640w\" sizes=\"(max-width: 640px) 100vw, 640px\" \/><\/a><\/div><\/div><\/li><li class=\"fusion-carousel-item\"><div class=\"fusion-carousel-item-wrapper\"><div class=\"fusion-image-wrapper hover-type-none\"><a data-rel=\"iLightbox[gallery_image_1]\" data-title=\"IMG_4834\" aria-label=\"IMG_4834\" href=\"https:\/\/klodangolfcarts.com\/wp-content\/uploads\/2018\/05\/IMG_4834.jpg\" target=\"_self\"><img width=\"640\" height=\"480\" src=\"https:\/\/klodangolfcarts.com\/wp-content\/uploads\/2018\/05\/IMG_4834.jpg\" class=\"attachment-full size-full\" alt=\"\" decoding=\"async\" loading=\"lazy\" srcset=\"https:\/\/klodangolfcarts.com\/wp-content\/uploads\/2018\/05\/IMG_4834-200x150.jpg 200w, https:\/\/klodangolfcarts.com\/wp-content\/uploads\/2018\/05\/IMG_4834-300x225.jpg 300w, https:\/\/klodangolfcarts.com\/wp-content\/uploads\/2018\/05\/IMG_4834-400x300.jpg 400w, https:\/\/klodangolfcarts.com\/wp-content\/uploads\/2018\/05\/IMG_4834-600x450.jpg 600w, https:\/\/klodangolfcarts.com\/wp-content\/uploads\/2018\/05\/IMG_4834.jpg 640w\" sizes=\"(max-width: 640px) 100vw, 640px\" \/><\/a><\/div><\/div><\/li><li class=\"fusion-carousel-item\"><div class=\"fusion-carousel-item-wrapper\"><div class=\"fusion-image-wrapper hover-type-none\"><a data-rel=\"iLightbox[gallery_image_1]\" data-title=\"121640835\" aria-label=\"121640835\" href=\"https:\/\/klodangolfcarts.com\/wp-content\/uploads\/2018\/05\/121640835.jpg\" target=\"_self\"><img width=\"640\" height=\"480\" src=\"https:\/\/klodangolfcarts.com\/wp-content\/uploads\/2018\/05\/121640835.jpg\" class=\"attachment-full size-full\" alt=\"\" decoding=\"async\" loading=\"lazy\" srcset=\"https:\/\/klodangolfcarts.com\/wp-content\/uploads\/2018\/05\/121640835-200x150.jpg 200w, https:\/\/klodangolfcarts.com\/wp-content\/uploads\/2018\/05\/121640835-300x225.jpg 300w, https:\/\/klodangolfcarts.com\/wp-content\/uploads\/2018\/05\/121640835-400x300.jpg 400w, https:\/\/klodangolfcarts.com\/wp-content\/uploads\/2018\/05\/121640835-600x450.jpg 600w, https:\/\/klodangolfcarts.com\/wp-content\/uploads\/2018\/05\/121640835.jpg 640w\" sizes=\"(max-width: 640px) 100vw, 640px\" \/><\/a><\/div><\/div><\/li><\/ul><div class=\"fusion-carousel-nav\"><span class=\"fusion-nav-prev\"><\/span><span class=\"fusion-nav-next\"><\/span><\/div><\/div><\/div><\/div><div class=\"fusion-clearfix\"><\/div>\n\n\t\t\t\t\t<\/div>\n\t\t\t\t<\/div><div  class=\"fusion-layout-column fusion_builder_column fusion_builder_column_1_2  fusion-one-half fusion-column-last 1_2\"  style='margin-top:0px;margin-bottom:0px;width:48%'>\n\t\t\t\t\t<div class=\"fusion-column-wrapper\" style=\"padding: 0px 0px 0px 0px;background-position:left top;background-repeat:no-repeat;-webkit-background-size:cover;-moz-background-size:cover;-o-background-size:cover;background-size:cover;\"  data-bg-url=\"\">\n\t\t\t\t\t\t<div class=\"fusion-title title fusion-title-center fusion-title-size-three\" style=\"margin-top:0px;margin-bottom:31px;\"><div class=\"title-sep-container title-sep-container-left\"><div class=\"title-sep sep-double sep-solid\" style=\"border-color:#e0dede;\"><\/div><\/div><h3 class=\"title-heading-center\">Voiturettes \u00e0 4 passagers en<br \/>\nvente d\u00e8s maintenant :<\/h3><div class=\"title-sep-container title-sep-container-right\"><div class=\"title-sep sep-double sep-solid\" style=\"border-color:#e0dede;\"><\/div><\/div><\/div><div class=\"fusion-image-carousel fusion-image-carousel-auto fusion-carousel-border\"><div class=\"fusion-carousel\" data-autoplay=\"no\" data-columns=\"1\" data-itemmargin=\"13\" data-itemwidth=\"180\" data-touchscroll=\"no\" data-imagesize=\"auto\"><div class=\"fusion-carousel-positioner\"><ul class=\"fusion-carousel-holder\"><li class=\"fusion-carousel-item\"><div class=\"fusion-carousel-item-wrapper\"><div class=\"fusion-image-wrapper hover-type-none\"><img width=\"1920\" height=\"1440\" src=\"https:\/\/klodangolfcarts.com\/wp-content\/uploads\/2018\/04\/WEB_IMG_0006.jpg\" class=\"attachment-full size-full\" alt=\"\" decoding=\"async\" loading=\"lazy\" srcset=\"https:\/\/klodangolfcarts.com\/wp-content\/uploads\/2018\/04\/WEB_IMG_0006-200x150.jpg 200w, https:\/\/klodangolfcarts.com\/wp-content\/uploads\/2018\/04\/WEB_IMG_0006-300x225.jpg 300w, https:\/\/klodangolfcarts.com\/wp-content\/uploads\/2018\/04\/WEB_IMG_0006-400x300.jpg 400w, https:\/\/klodangolfcarts.com\/wp-content\/uploads\/2018\/04\/WEB_IMG_0006-600x450.jpg 600w, https:\/\/klodangolfcarts.com\/wp-content\/uploads\/2018\/04\/WEB_IMG_0006-768x576.jpg 768w, https:\/\/klodangolfcarts.com\/wp-content\/uploads\/2018\/04\/WEB_IMG_0006-800x600.jpg 800w, https:\/\/klodangolfcarts.com\/wp-content\/uploads\/2018\/04\/WEB_IMG_0006-1024x768.jpg 1024w, https:\/\/klodangolfcarts.com\/wp-content\/uploads\/2018\/04\/WEB_IMG_0006-1200x900.jpg 1200w, https:\/\/klodangolfcarts.com\/wp-content\/uploads\/2018\/04\/WEB_IMG_0006.jpg 1920w\" sizes=\"(max-width: 1920px) 100vw, 1920px\" \/><\/div><\/div><\/li><li class=\"fusion-carousel-item\"><div class=\"fusion-carousel-item-wrapper\"><div class=\"fusion-image-wrapper hover-type-none\"><img width=\"1920\" height=\"1440\" src=\"https:\/\/klodangolfcarts.com\/wp-content\/uploads\/2018\/04\/WEB_IMG_0010.jpg\" class=\"attachment-full size-full\" alt=\"\" decoding=\"async\" loading=\"lazy\" srcset=\"https:\/\/klodangolfcarts.com\/wp-content\/uploads\/2018\/04\/WEB_IMG_0010-200x150.jpg 200w, https:\/\/klodangolfcarts.com\/wp-content\/uploads\/2018\/04\/WEB_IMG_0010-300x225.jpg 300w, https:\/\/klodangolfcarts.com\/wp-content\/uploads\/2018\/04\/WEB_IMG_0010-400x300.jpg 400w, https:\/\/klodangolfcarts.com\/wp-content\/uploads\/2018\/04\/WEB_IMG_0010-600x450.jpg 600w, https:\/\/klodangolfcarts.com\/wp-content\/uploads\/2018\/04\/WEB_IMG_0010-768x576.jpg 768w, https:\/\/klodangolfcarts.com\/wp-content\/uploads\/2018\/04\/WEB_IMG_0010-800x600.jpg 800w, https:\/\/klodangolfcarts.com\/wp-content\/uploads\/2018\/04\/WEB_IMG_0010-1024x768.jpg 1024w, https:\/\/klodangolfcarts.com\/wp-content\/uploads\/2018\/04\/WEB_IMG_0010-1200x900.jpg 1200w, https:\/\/klodangolfcarts.com\/wp-content\/uploads\/2018\/04\/WEB_IMG_0010.jpg 1920w\" sizes=\"(max-width: 1920px) 100vw, 1920px\" \/><\/div><\/div><\/li><\/ul><div class=\"fusion-carousel-nav\"><span class=\"fusion-nav-prev\"><\/span><span class=\"fusion-nav-next\"><\/span><\/div><\/div><\/div><\/div><div class=\"fusion-clearfix\"><\/div>\n\n\t\t\t\t\t<\/div>\n\t\t\t\t<\/div><\/div><\/div>\n","protected":false},"excerpt":{"rendered":"","protected":false},"author":1,"featured_media":0,"parent":0,"menu_order":0,"comment_status":"closed","ping_status":"closed","template":"","meta":[],"_links":{"self":[{"href":"https:\/\/klodangolfcarts.com\/fr\/wp-json\/wp\/v2\/pages\/310\/"}],"collection":[{"href":"https:\/\/klodangolfcarts.com\/fr\/wp-json\/wp\/v2\/pages\/"}],"about":[{"href":"https:\/\/klodangolfcarts.com\/fr\/wp-json\/wp\/v2\/types\/page\/"}],"author":[{"embeddable":true,"href":"https:\/\/klodangolfcarts.com\/fr\/wp-json\/wp\/v2\/users\/1\/"}],"replies":[{"embeddable":true,"href":"https:\/\/klodangolfcarts.com\/fr\/wp-json\/wp\/v2\/comments\/?post=310"}],"version-history":[{"count":3,"href":"https:\/\/klodangolfcarts.com\/fr\/wp-json\/wp\/v2\/pages\/310\/revisions\/"}],"predecessor-version":[{"id":375,"href":"https:\/\/klodangolfcarts.com\/fr\/wp-json\/wp\/v2\/pages\/310\/revisions\/375\/"}],"wp:attachment":[{"href":"https:\/\/klodangolfcarts.com\/fr\/wp-json\/wp\/v2\/media\/?parent=310"}],"curies":[{"name":"wp","href":"https:\/\/api.w.org\/{rel}","templated":true}]}}